{"id":16323,"date":"2014-10-23T17:10:29","date_gmt":"2014-10-23T17:10:29","guid":{"rendered":"https:\/\/leoneldossantos.com\/inicio-2\/"},"modified":"2020-02-17T13:55:05","modified_gmt":"2020-02-17T13:55:05","slug":"inicio","status":"publish","type":"page","link":"https:\/\/leoneldossantos.com\/en\/","title":{"rendered":"Home"},"content":{"rendered":"<p>[vc_row anchor=&#8221;cta&#8221; side_padding=&#8221;0&#8243;][vc_column]<div class=\"call_to_action normal\" style=\"background-color: #232323;\"><div class=\"container_inner\"><div class=\"two_columns_75_25 clearfix\"><div class=\"text_wrapper column1\"><div class=\"call_to_action_text\" style=\"\"><\/p>\n<h2 class=\"white\">Leonel Dos Santos \u00a0&#8211; Painter | Sculptor<\/h2>\n<p><\/div><\/div><div class=\"button_wrapper column2\"><a href=\"https:\/\/leoneldossantos.com\/contacto\/\" class=\"qbutton white \" target=\"\" style=\"color: #ffffff;border-color: #ffffff;background-color: #0a0002;\"data-hover-background-color=#ffffff data-hover-border-color=#0a0a0a data-hover-color=#0a0a0a>CONTACTO<\/a><\/div><\/div><\/div><\/div>[\/vc_column][\/vc_row][vc_row background_color=&#8221;#2e2f2f&#8221; side_padding=&#8221;10%&#8221;][vc_column width=&#8221;2\/3&#8243;][vc_column_text]<\/p>\n<h4><\/h4>\n<h3><\/h3>\n<h3 style=\"text-align: left; padding-left: 30px;\"><strong>Leonel dos Santos was born in Mozambique on 26 April 1964.<\/strong><\/h3>\n<h4 style=\"text-align: left; padding-left: 30px;\">Leonel\u00b4s childhood was spent in his paternal house near <em>Cidade da Beira<\/em>, in Tica, where he was surrounded by the exuberance of Africa\u00b4s nature. From an early age, he demonstrated skills in arts. However, the political and historical situation of the 1970s, led him to Portugal, where his life suffered radical changes that deeply marked him.<\/h4>\n<h4 style=\"text-align: left; padding-left: 30px;\">Having experienced the strictness of military life, Leonel dos Santos returned to art by taking various courses in Portugal, as well as abroad, but ended up working in a variety of different professions.<\/h4>\n<h4 style=\"text-align: left; padding-left: 30px;\">In 2003, Leonel dos Santos embarked on a new adventure:\u00a0\u00a0\u00a0\u00a0\u00a0\u00a0\u00a0\u00a0\u00a0\u00a0\u00a0 <strong>Life is his art and art is his life!<\/strong><\/h4>\n<p>[\/vc_column_text][\/vc_column][vc_column width=&#8221;1\/3&#8243;][vc_separator type=&#8221;transparent&#8221; down=&#8221;20&#8243;][vc_single_image image=&#8221;17724&#8243; img_size=&#8221;305&#215;420&#8243; alignment=&#8221;center&#8221; qode_css_animation=&#8221;element_from_fade&#8221;][\/vc_column][\/vc_row][vc_row background_color=&#8221;#2e2f2f&#8221; side_padding=&#8221;10%&#8221; padding_bottom=&#8221;35&#8243;][vc_column]<div class='projects_holder_outer v5 portfolio_with_space portfolio_standard '><div class='filter_outer'><div class='filter_holder'>\n                            <ul>\n                            <li class='filter' data-filter='all'><span>All<\/span><\/li><li class='filter' data-filter='portfolio_category_116'><span>available<\/span><\/li><li class='filter' data-filter='portfolio_category_118'><span>Painting<\/span><\/li><li class='filter' data-filter='portfolio_category_117'><span>Sculpture<\/span><\/li><\/ul><\/div><\/div><div class='projects_holder clearfix v5 standard'>\n<article class='mix portfolio_category_117 '><div class='image_holder'><a class='portfolio_link_for_touch' href='https:\/\/leoneldossantos.com\/en\/portfolio_page\/m-4\/' target='_self'><span class='image'><img width=\"570\" height=\"570\" src=\"https:\/\/leoneldossantos.com\/wp-content\/uploads\/2016\/10\/M.-m\u00e1rmore-Estremoz-a\u00e7o-corten-170x57x40-570x570.jpg\" class=\"attachment-portfolio-square size-portfolio-square wp-post-image\" alt=\"\" decoding=\"async\" loading=\"lazy\" srcset=\"https:\/\/leoneldossantos.com\/wp-content\/uploads\/2016\/10\/M.-m\u00e1rmore-Estremoz-a\u00e7o-corten-170x57x40-570x570.jpg 570w, https:\/\/leoneldossantos.com\/wp-content\/uploads\/2016\/10\/M.-m\u00e1rmore-Estremoz-a\u00e7o-corten-170x57x40-150x150.jpg 150w, https:\/\/leoneldossantos.com\/wp-content\/uploads\/2016\/10\/M.-m\u00e1rmore-Estremoz-a\u00e7o-corten-170x57x40-500x500.jpg 500w, https:\/\/leoneldossantos.com\/wp-content\/uploads\/2016\/10\/M.-m\u00e1rmore-Estremoz-a\u00e7o-corten-170x57x40-1000x1000.jpg 1000w\" sizes=\"(max-width: 570px) 100vw, 570px\" \/><\/span><\/a><span class='text_holder'><span class='text_outer'><span class='text_inner'><span class='feature_holder'><span class=\"feature_holder_icons\"><a class='lightbox qbutton small white' title='&#8220;M&#8221;' href='https:\/\/leoneldossantos.com\/wp-content\/uploads\/2016\/10\/M.-m\u00e1rmore-Estremoz-a\u00e7o-corten-170x57x40.jpg' data-rel='prettyPhoto[pretty_photo_gallery]'>zoom<\/a><a class='preview qbutton small white' href='https:\/\/leoneldossantos.com\/en\/portfolio_page\/m-4\/' target='_self'>view<\/a><\/span><\/span><\/span><\/span><\/span><\/div><div class='portfolio_description '><h5 class=\"portfolio_title\"><a href=\"https:\/\/leoneldossantos.com\/en\/portfolio_page\/m-4\/\" target=\"_self\">&#8220;M&#8221;<\/a><\/h5><span class=\"project_category\">Sculpture<\/span><\/div><\/article>\n<article class='mix portfolio_category_116 portfolio_category_117 '><div class='image_holder'><a class='portfolio_link_for_touch' href='https:\/\/leoneldossantos.com\/en\/portfolio_page\/man-on-the-moon-2\/' target='_self'><span class='image'><img width=\"570\" height=\"570\" src=\"https:\/\/leoneldossantos.com\/wp-content\/uploads\/2016\/10\/IMG_20161005_123010-570x570.jpg\" class=\"attachment-portfolio-square size-portfolio-square wp-post-image\" alt=\"\" decoding=\"async\" loading=\"lazy\" srcset=\"https:\/\/leoneldossantos.com\/wp-content\/uploads\/2016\/10\/IMG_20161005_123010-570x570.jpg 570w, https:\/\/leoneldossantos.com\/wp-content\/uploads\/2016\/10\/IMG_20161005_123010-150x150.jpg 150w, https:\/\/leoneldossantos.com\/wp-content\/uploads\/2016\/10\/IMG_20161005_123010-500x500.jpg 500w, https:\/\/leoneldossantos.com\/wp-content\/uploads\/2016\/10\/IMG_20161005_123010-1000x1000.jpg 1000w\" sizes=\"(max-width: 570px) 100vw, 570px\" \/><\/span><\/a><span class='text_holder'><span class='text_outer'><span class='text_inner'><span class='feature_holder'><span class=\"feature_holder_icons\"><a class='lightbox qbutton small white' title='&#8220;man on the moon&#8221;' href='https:\/\/leoneldossantos.com\/wp-content\/uploads\/2016\/10\/IMG_20161005_123010.jpg' data-rel='prettyPhoto[pretty_photo_gallery]'>zoom<\/a><a class='preview qbutton small white' href='https:\/\/leoneldossantos.com\/en\/portfolio_page\/man-on-the-moon-2\/' target='_self'>view<\/a><\/span><\/span><\/span><\/span><\/span><\/div><div class='portfolio_description '><h5 class=\"portfolio_title\"><a href=\"https:\/\/leoneldossantos.com\/en\/portfolio_page\/man-on-the-moon-2\/\" target=\"_self\">&#8220;man on the moon&#8221;<\/a><\/h5><span class=\"project_category\">available, Sculpture<\/span><\/div><\/article>\n<article class='mix portfolio_category_117 '><div class='image_holder'><a class='portfolio_link_for_touch' href='https:\/\/leoneldossantos.com\/en\/portfolio_page\/working-man-in-construction\/' target='_self'><span class='image'><img width=\"570\" height=\"570\" src=\"https:\/\/leoneldossantos.com\/wp-content\/uploads\/2016\/10\/oper\u00e1rio-em-constru\u00e7\u00e3o-m\u00e1rmore-Estremoz-ferro-118x30x51-570x570.jpg\" class=\"attachment-portfolio-square size-portfolio-square wp-post-image\" alt=\"\" decoding=\"async\" loading=\"lazy\" srcset=\"https:\/\/leoneldossantos.com\/wp-content\/uploads\/2016\/10\/oper\u00e1rio-em-constru\u00e7\u00e3o-m\u00e1rmore-Estremoz-ferro-118x30x51-570x570.jpg 570w, https:\/\/leoneldossantos.com\/wp-content\/uploads\/2016\/10\/oper\u00e1rio-em-constru\u00e7\u00e3o-m\u00e1rmore-Estremoz-ferro-118x30x51-150x150.jpg 150w, https:\/\/leoneldossantos.com\/wp-content\/uploads\/2016\/10\/oper\u00e1rio-em-constru\u00e7\u00e3o-m\u00e1rmore-Estremoz-ferro-118x30x51-500x500.jpg 500w, https:\/\/leoneldossantos.com\/wp-content\/uploads\/2016\/10\/oper\u00e1rio-em-constru\u00e7\u00e3o-m\u00e1rmore-Estremoz-ferro-118x30x51-1000x1000.jpg 1000w\" sizes=\"(max-width: 570px) 100vw, 570px\" \/><\/span><\/a><span class='text_holder'><span class='text_outer'><span class='text_inner'><span class='feature_holder'><span class=\"feature_holder_icons\"><a class='lightbox qbutton small white' title='&#8220;working man in construction&#8221;' href='https:\/\/leoneldossantos.com\/wp-content\/uploads\/2016\/10\/oper\u00e1rio-em-constru\u00e7\u00e3o-m\u00e1rmore-Estremoz-ferro-118x30x51.jpg' data-rel='prettyPhoto[pretty_photo_gallery]'>zoom<\/a><a class='preview qbutton small white' href='https:\/\/leoneldossantos.com\/en\/portfolio_page\/working-man-in-construction\/' target='_self'>view<\/a><\/span><\/span><\/span><\/span><\/span><\/div><div class='portfolio_description '><h5 class=\"portfolio_title\"><a href=\"https:\/\/leoneldossantos.com\/en\/portfolio_page\/working-man-in-construction\/\" target=\"_self\">&#8220;working man in construction&#8221;<\/a><\/h5><span class=\"project_category\">Sculpture<\/span><\/div><\/article>\n<article class='mix portfolio_category_117 '><div class='image_holder'><a class='portfolio_link_for_touch' href='https:\/\/leoneldossantos.com\/en\/portfolio_page\/acervo-1\/' target='_self'><span class='image'><img width=\"570\" height=\"570\" src=\"https:\/\/leoneldossantos.com\/wp-content\/uploads\/2014\/12\/Artes-do-fogo-9-rosto-570x570.jpg\" class=\"attachment-portfolio-square size-portfolio-square wp-post-image\" alt=\"\" decoding=\"async\" loading=\"lazy\" srcset=\"https:\/\/leoneldossantos.com\/wp-content\/uploads\/2014\/12\/Artes-do-fogo-9-rosto-570x570.jpg 570w, https:\/\/leoneldossantos.com\/wp-content\/uploads\/2014\/12\/Artes-do-fogo-9-rosto-150x150.jpg 150w, https:\/\/leoneldossantos.com\/wp-content\/uploads\/2014\/12\/Artes-do-fogo-9-rosto-500x500.jpg 500w, https:\/\/leoneldossantos.com\/wp-content\/uploads\/2014\/12\/Artes-do-fogo-9-rosto-1000x1000.jpg 1000w\" sizes=\"(max-width: 570px) 100vw, 570px\" \/><\/span><\/a><span class='text_holder'><span class='text_outer'><span class='text_inner'><span class='feature_holder'><span class=\"feature_holder_icons\"><a class='lightbox qbutton small white' title='Artes do Fogo &#8211; condicionalismos\/ art of fire' href='https:\/\/leoneldossantos.com\/wp-content\/uploads\/2014\/12\/Artes-do-fogo-9-rosto.jpg' data-rel='prettyPhoto[pretty_photo_gallery]'>zoom<\/a><a class='preview qbutton small white' href='https:\/\/leoneldossantos.com\/en\/portfolio_page\/acervo-1\/' target='_self'>view<\/a><\/span><\/span><\/span><\/span><\/span><\/div><div class='portfolio_description '><h5 class=\"portfolio_title\"><a href=\"https:\/\/leoneldossantos.com\/en\/portfolio_page\/acervo-1\/\" target=\"_self\">Artes do Fogo &#8211; condicionalismos\/ art of fire<\/a><\/h5><span class=\"project_category\">Sculpture<\/span><\/div><\/article>\n<article class='mix portfolio_category_117 '><div class='image_holder'><a class='portfolio_link_for_touch' href='https:\/\/leoneldossantos.com\/en\/portfolio_page\/artes-fogo-2\/' target='_self'><span class='image'><img width=\"570\" height=\"570\" src=\"https:\/\/leoneldossantos.com\/wp-content\/uploads\/2014\/12\/Artes-do-Fogo-nascer-51x126-2000chapa-de-a\u00e7o-gr\u00e9s-11-570x570.jpg\" class=\"attachment-portfolio-square size-portfolio-square wp-post-image\" alt=\"\" decoding=\"async\" loading=\"lazy\" srcset=\"https:\/\/leoneldossantos.com\/wp-content\/uploads\/2014\/12\/Artes-do-Fogo-nascer-51x126-2000chapa-de-a\u00e7o-gr\u00e9s-11-570x570.jpg 570w, https:\/\/leoneldossantos.com\/wp-content\/uploads\/2014\/12\/Artes-do-Fogo-nascer-51x126-2000chapa-de-a\u00e7o-gr\u00e9s-11-150x150.jpg 150w, https:\/\/leoneldossantos.com\/wp-content\/uploads\/2014\/12\/Artes-do-Fogo-nascer-51x126-2000chapa-de-a\u00e7o-gr\u00e9s-11-500x500.jpg 500w\" sizes=\"(max-width: 570px) 100vw, 570px\" \/><\/span><\/a><span class='text_holder'><span class='text_outer'><span class='text_inner'><span class='feature_holder'><span class=\"feature_holder_icons\"><a class='lightbox qbutton small white' title='Artes do Fogo &#8211; nascer\/ art of fire &#8211; to be born' href='https:\/\/leoneldossantos.com\/wp-content\/uploads\/2014\/12\/Artes-do-Fogo-nascer-51x126-2000chapa-de-a\u00e7o-gr\u00e9s-11.jpg' data-rel='prettyPhoto[pretty_photo_gallery]'>zoom<\/a><a class='preview qbutton small white' href='https:\/\/leoneldossantos.com\/en\/portfolio_page\/artes-fogo-2\/' target='_self'>view<\/a><\/span><\/span><\/span><\/span><\/span><\/div><div class='portfolio_description '><h5 class=\"portfolio_title\"><a href=\"https:\/\/leoneldossantos.com\/en\/portfolio_page\/artes-fogo-2\/\" target=\"_self\">Artes do Fogo &#8211; nascer\/ art of fire &#8211; to be born<\/a><\/h5><span class=\"project_category\">Sculpture<\/span><\/div><\/article>\n<article class='mix portfolio_category_117 '><div class='image_holder'><a class='portfolio_link_for_touch' href='https:\/\/leoneldossantos.com\/en\/portfolio_page\/birdman\/' target='_self'><span class='image'><img width=\"570\" height=\"570\" src=\"https:\/\/leoneldossantos.com\/wp-content\/uploads\/2018\/04\/BirdMan-m\u00e1rmore-Estremoz-a\u00e7o-65x32x30-2017-2-570x570.jpg\" class=\"attachment-portfolio-square size-portfolio-square wp-post-image\" alt=\"\" decoding=\"async\" loading=\"lazy\" srcset=\"https:\/\/leoneldossantos.com\/wp-content\/uploads\/2018\/04\/BirdMan-m\u00e1rmore-Estremoz-a\u00e7o-65x32x30-2017-2-570x570.jpg 570w, https:\/\/leoneldossantos.com\/wp-content\/uploads\/2018\/04\/BirdMan-m\u00e1rmore-Estremoz-a\u00e7o-65x32x30-2017-2-150x150.jpg 150w, https:\/\/leoneldossantos.com\/wp-content\/uploads\/2018\/04\/BirdMan-m\u00e1rmore-Estremoz-a\u00e7o-65x32x30-2017-2-500x500.jpg 500w, https:\/\/leoneldossantos.com\/wp-content\/uploads\/2018\/04\/BirdMan-m\u00e1rmore-Estremoz-a\u00e7o-65x32x30-2017-2-1000x1000.jpg 1000w\" sizes=\"(max-width: 570px) 100vw, 570px\" \/><\/span><\/a><span class='text_holder'><span class='text_outer'><span class='text_inner'><span class='feature_holder'><span class=\"feature_holder_icons\"><a class='lightbox qbutton small white' title='Birdman' href='https:\/\/leoneldossantos.com\/wp-content\/uploads\/2018\/04\/BirdMan-m\u00e1rmore-Estremoz-a\u00e7o-65x32x30-2017-2.jpg' data-rel='prettyPhoto[pretty_photo_gallery]'>zoom<\/a><a class='preview qbutton small white' href='https:\/\/leoneldossantos.com\/en\/portfolio_page\/birdman\/' target='_self'>view<\/a><\/span><\/span><\/span><\/span><\/span><\/div><div class='portfolio_description '><h5 class=\"portfolio_title\"><a href=\"https:\/\/leoneldossantos.com\/en\/portfolio_page\/birdman\/\" target=\"_self\">Birdman<\/a><\/h5><span class=\"project_category\">Sculpture<\/span><\/div><\/article>\n<article class='mix portfolio_category_117 '><div class='image_holder'><a class='portfolio_link_for_touch' href='https:\/\/leoneldossantos.com\/en\/portfolio_page\/brunhilde\/' target='_self'><span class='image'><img width=\"570\" height=\"570\" src=\"https:\/\/leoneldossantos.com\/wp-content\/uploads\/2019\/01\/Brunhilde-145x35x30-m\u00e1rmore-Estremoz-a\u00e7o-policromado-2017-3-570x570.jpg\" class=\"attachment-portfolio-square size-portfolio-square wp-post-image\" alt=\"\" decoding=\"async\" loading=\"lazy\" srcset=\"https:\/\/leoneldossantos.com\/wp-content\/uploads\/2019\/01\/Brunhilde-145x35x30-m\u00e1rmore-Estremoz-a\u00e7o-policromado-2017-3-570x570.jpg 570w, https:\/\/leoneldossantos.com\/wp-content\/uploads\/2019\/01\/Brunhilde-145x35x30-m\u00e1rmore-Estremoz-a\u00e7o-policromado-2017-3-150x150.jpg 150w, https:\/\/leoneldossantos.com\/wp-content\/uploads\/2019\/01\/Brunhilde-145x35x30-m\u00e1rmore-Estremoz-a\u00e7o-policromado-2017-3-500x500.jpg 500w, https:\/\/leoneldossantos.com\/wp-content\/uploads\/2019\/01\/Brunhilde-145x35x30-m\u00e1rmore-Estremoz-a\u00e7o-policromado-2017-3-1000x1000.jpg 1000w\" sizes=\"(max-width: 570px) 100vw, 570px\" \/><\/span><\/a><span class='text_holder'><span class='text_outer'><span class='text_inner'><span class='feature_holder'><span class=\"feature_holder_icons\"><a class='lightbox qbutton small white' title='Brunhilde' href='https:\/\/leoneldossantos.com\/wp-content\/uploads\/2019\/01\/Brunhilde-145x35x30-m\u00e1rmore-Estremoz-a\u00e7o-policromado-2017-3.jpg' data-rel='prettyPhoto[pretty_photo_gallery]'>zoom<\/a><a class='preview qbutton small white' href='https:\/\/leoneldossantos.com\/en\/portfolio_page\/brunhilde\/' target='_self'>view<\/a><\/span><\/span><\/span><\/span><\/span><\/div><div class='portfolio_description '><h5 class=\"portfolio_title\"><a href=\"https:\/\/leoneldossantos.com\/en\/portfolio_page\/brunhilde\/\" target=\"_self\">Brunhilde<\/a><\/h5><span class=\"project_category\">Sculpture<\/span><\/div><\/article>\n<article class='mix portfolio_category_118 '><div class='image_holder'><a class='portfolio_link_for_touch' href='https:\/\/leoneldossantos.com\/en\/portfolio_page\/deep-blues\/' target='_self'><span class='image'><img width=\"570\" height=\"570\" src=\"https:\/\/leoneldossantos.com\/wp-content\/uploads\/2019\/08\/31957939_247485839151385_2805131398300565504_n-1-570x570.jpg\" class=\"attachment-portfolio-square size-portfolio-square wp-post-image\" alt=\"\" decoding=\"async\" loading=\"lazy\" srcset=\"https:\/\/leoneldossantos.com\/wp-content\/uploads\/2019\/08\/31957939_247485839151385_2805131398300565504_n-1-570x570.jpg 570w, https:\/\/leoneldossantos.com\/wp-content\/uploads\/2019\/08\/31957939_247485839151385_2805131398300565504_n-1-150x150.jpg 150w, https:\/\/leoneldossantos.com\/wp-content\/uploads\/2019\/08\/31957939_247485839151385_2805131398300565504_n-1-500x500.jpg 500w\" sizes=\"(max-width: 570px) 100vw, 570px\" \/><\/span><\/a><span class='text_holder'><span class='text_outer'><span class='text_inner'><span class='feature_holder'><span class=\"feature_holder_icons\"><a class='lightbox qbutton small white' title='deep blues' href='https:\/\/leoneldossantos.com\/wp-content\/uploads\/2019\/08\/31957939_247485839151385_2805131398300565504_n-1.jpg' data-rel='prettyPhoto[pretty_photo_gallery]'>zoom<\/a><a class='preview qbutton small white' href='https:\/\/leoneldossantos.com\/en\/portfolio_page\/deep-blues\/' target='_self'>view<\/a><\/span><\/span><\/span><\/span><\/span><\/div><div class='portfolio_description '><h5 class=\"portfolio_title\"><a href=\"https:\/\/leoneldossantos.com\/en\/portfolio_page\/deep-blues\/\" target=\"_self\">deep blues<\/a><\/h5><span class=\"project_category\">Painting<\/span><\/div><\/article>\n<article class='mix portfolio_category_117 '><div class='image_holder'><a class='portfolio_link_for_touch' href='https:\/\/leoneldossantos.com\/en\/portfolio_page\/fenix-2\/' target='_self'><span class='image'><img width=\"570\" height=\"570\" src=\"https:\/\/leoneldossantos.com\/wp-content\/uploads\/2014\/12\/leonel-dos-santos-fenix-570x570.jpg\" class=\"attachment-portfolio-square size-portfolio-square wp-post-image\" alt=\"\" decoding=\"async\" loading=\"lazy\" srcset=\"https:\/\/leoneldossantos.com\/wp-content\/uploads\/2014\/12\/leonel-dos-santos-fenix-570x570.jpg 570w, https:\/\/leoneldossantos.com\/wp-content\/uploads\/2014\/12\/leonel-dos-santos-fenix-150x150.jpg 150w, https:\/\/leoneldossantos.com\/wp-content\/uploads\/2014\/12\/leonel-dos-santos-fenix-500x500.jpg 500w\" sizes=\"(max-width: 570px) 100vw, 570px\" \/><\/span><\/a><span class='text_holder'><span class='text_outer'><span class='text_inner'><span class='feature_holder'><span class=\"feature_holder_icons\"><a class='lightbox qbutton small white' title='F\u00e9nix &#8211; Phenix' href='https:\/\/leoneldossantos.com\/wp-content\/uploads\/2014\/12\/leonel-dos-santos-fenix.jpg' data-rel='prettyPhoto[pretty_photo_gallery]'>zoom<\/a><a class='preview qbutton small white' href='https:\/\/leoneldossantos.com\/en\/portfolio_page\/fenix-2\/' target='_self'>view<\/a><\/span><\/span><\/span><\/span><\/span><\/div><div class='portfolio_description '><h5 class=\"portfolio_title\"><a href=\"https:\/\/leoneldossantos.com\/en\/portfolio_page\/fenix-2\/\" target=\"_self\">F\u00e9nix &#8211; Phenix<\/a><\/h5><span class=\"project_category\">Sculpture<\/span><\/div><\/article>\n<article class='mix portfolio_category_118 '><div class='image_holder'><a class='portfolio_link_for_touch' href='https:\/\/leoneldossantos.com\/en\/portfolio_page\/long-run\/' target='_self'><span class='image'><img width=\"570\" height=\"570\" src=\"https:\/\/leoneldossantos.com\/wp-content\/uploads\/2019\/08\/20190829_154658-570x570.jpg\" class=\"attachment-portfolio-square size-portfolio-square wp-post-image\" alt=\"\" decoding=\"async\" loading=\"lazy\" srcset=\"https:\/\/leoneldossantos.com\/wp-content\/uploads\/2019\/08\/20190829_154658-570x570.jpg 570w, https:\/\/leoneldossantos.com\/wp-content\/uploads\/2019\/08\/20190829_154658-150x150.jpg 150w, https:\/\/leoneldossantos.com\/wp-content\/uploads\/2019\/08\/20190829_154658-500x500.jpg 500w, https:\/\/leoneldossantos.com\/wp-content\/uploads\/2019\/08\/20190829_154658-1000x1000.jpg 1000w\" sizes=\"(max-width: 570px) 100vw, 570px\" \/><\/span><\/a><span class='text_holder'><span class='text_outer'><span class='text_inner'><span class='feature_holder'><span class=\"feature_holder_icons\"><a class='lightbox qbutton small white' title='long run' href='https:\/\/leoneldossantos.com\/wp-content\/uploads\/2019\/08\/20190829_154658.jpg' data-rel='prettyPhoto[pretty_photo_gallery]'>zoom<\/a><a class='preview qbutton small white' href='https:\/\/leoneldossantos.com\/en\/portfolio_page\/long-run\/' target='_self'>view<\/a><\/span><\/span><\/span><\/span><\/span><\/div><div class='portfolio_description '><h5 class=\"portfolio_title\"><a href=\"https:\/\/leoneldossantos.com\/en\/portfolio_page\/long-run\/\" target=\"_self\">long run<\/a><\/h5><span class=\"project_category\">Painting<\/span><\/div><\/article>\n<div class='filler'><\/div>\n<div class='filler'><\/div>\n<div class='filler'><\/div>\n<div class='filler'><\/div>\n<div class='filler'><\/div>\n<\/div><\/div>[\/vc_column][\/vc_row][vc_row][vc_column][\/vc_column][\/vc_row]<\/p>\n","protected":false},"excerpt":{"rendered":"<p>[vc_row anchor=&#8221;cta&#8221; side_padding=&#8221;0&#8243;][vc_column][\/vc_column][\/vc_row][vc_row background_color=&#8221;#2e2f2f&#8221; side_padding=&#8221;10%&#8221;][vc_column width=&#8221;2\/3&#8243;][vc_column_text] Leonel dos Santos was born in Mozambique on 26 April 1964. Leonel\u00b4s childhood was spent in his paternal house near Cidade da Beira, in Tica, where he was surrounded by the exuberance of Africa\u00b4s nature. From an early age,&#8230;<\/p>\n","protected":false},"author":2,"featured_media":0,"parent":0,"menu_order":0,"comment_status":"open","ping_status":"closed","template":"full_width.php","meta":[],"yoast_head":"<!-- This site is optimized with the Yoast SEO plugin v15.7 - https:\/\/yoast.com\/wordpress\/plugins\/seo\/ -->\n<meta name=\"description\" content=\"Leonel dos Santos - Artista - Pintor, Escultor\" \/>\n<meta name=\"robots\" content=\"index, follow, max-snippet:-1, max-image-preview:large, max-video-preview:-1\" \/>\n<link rel=\"canonical\" href=\"https:\/\/leoneldossantos.com\/\" \/>\n<meta property=\"og:locale\" content=\"en_US\" \/>\n<meta property=\"og:type\" content=\"article\" \/>\n<meta property=\"og:title\" content=\"Leonel dos Santos | Pintor e Escultor\" \/>\n<meta property=\"og:description\" content=\"Leonel dos Santos - Artista - Pintor, Escultor\" \/>\n<meta property=\"og:url\" content=\"https:\/\/leoneldossantos.com\/\" \/>\n<meta property=\"og:site_name\" content=\"Leonel\" \/>\n<meta property=\"article:modified_time\" content=\"2020-02-17T13:55:05+00:00\" \/>\n<meta name=\"twitter:label1\" content=\"Est. reading time\">\n\t<meta name=\"twitter:data1\" content=\"1 minute\">\n<script type=\"application\/ld+json\" class=\"yoast-schema-graph\">{\"@context\":\"https:\/\/schema.org\",\"@graph\":[{\"@type\":\"WebSite\",\"@id\":\"https:\/\/leoneldossantos.com\/#website\",\"url\":\"https:\/\/leoneldossantos.com\/\",\"name\":\"Leonel\",\"description\":\"Leonel dos Santos Escultor | Pintor\",\"potentialAction\":[{\"@type\":\"SearchAction\",\"target\":\"https:\/\/leoneldossantos.com\/?s={search_term_string}\",\"query-input\":\"required name=search_term_string\"}],\"inLanguage\":\"en-US\"},{\"@type\":\"WebPage\",\"@id\":\"https:\/\/leoneldossantos.com\/#webpage\",\"url\":\"https:\/\/leoneldossantos.com\/\",\"name\":\"Leonel dos Santos | Pintor e Escultor\",\"isPartOf\":{\"@id\":\"https:\/\/leoneldossantos.com\/#website\"},\"datePublished\":\"2014-10-23T17:10:29+00:00\",\"dateModified\":\"2020-02-17T13:55:05+00:00\",\"description\":\"Leonel dos Santos - Artista - Pintor, Escultor\",\"inLanguage\":\"en-US\",\"potentialAction\":[{\"@type\":\"ReadAction\",\"target\":[\"https:\/\/leoneldossantos.com\/\"]}]}]}<\/script>\n<!-- \/ Yoast SEO plugin. -->","_links":{"self":[{"href":"https:\/\/leoneldossantos.com\/en\/wp-json\/wp\/v2\/pages\/16323"}],"collection":[{"href":"https:\/\/leoneldossantos.com\/en\/wp-json\/wp\/v2\/pages"}],"about":[{"href":"https:\/\/leoneldossantos.com\/en\/wp-json\/wp\/v2\/types\/page"}],"author":[{"embeddable":true,"href":"https:\/\/leoneldossantos.com\/en\/wp-json\/wp\/v2\/users\/2"}],"replies":[{"embeddable":true,"href":"https:\/\/leoneldossantos.com\/en\/wp-json\/wp\/v2\/comments?post=16323"}],"version-history":[{"count":13,"href":"https:\/\/leoneldossantos.com\/en\/wp-json\/wp\/v2\/pages\/16323\/revisions"}],"predecessor-version":[{"id":18827,"href":"https:\/\/leoneldossantos.com\/en\/wp-json\/wp\/v2\/pages\/16323\/revisions\/18827"}],"wp:attachment":[{"href":"https:\/\/leoneldossantos.com\/en\/wp-json\/wp\/v2\/media?parent=16323"}],"curies":[{"name":"wp","href":"https:\/\/api.w.org\/{rel}","templated":true}]}}